{"id":24,"date":"2021-01-23T23:11:30","date_gmt":"2021-01-23T23:11:30","guid":{"rendered":"https:\/\/auszeit-ohorn.de\/?page_id=24"},"modified":"2021-01-24T01:00:50","modified_gmt":"2021-01-24T01:00:50","slug":"ueber-mich","status":"publish","type":"page","link":"https:\/\/auszeit-ohorn.de\/?page_id=24","title":{"rendered":"\u00dcber mich"},"content":{"rendered":"<p>Im benachbarten Bundesland Brandenburg geboren und aufgewachsen, erlernte ich nach dem Abitur zun\u00e4chst den Beruf der Rechtsanwaltsfachangestellten. In diesem Beruf arbeitete ich viele Jahre und hatte auch immer Freude daran,\u00a0dennoch\u00a0hatte ich immer das Bestreben, mein Hobby einmal\u00a0zum Beruf zu machen.<\/p>\n<p><img loading=\"lazy\" decoding=\"async\" class=\"alignleft\" src=\"http:\/\/web.archive.org\/web\/20180816040211im_\/https:\/\/auszeit-ohorn.de\/images\/Diana%20Passbild.jpg\" width=\"177\" height=\"235\" \/>So schloss ich dann im Jahr 2005 meine Ausbildung zur Kosmetikerin am cosmetic college dillingen erfolgreich ab. Seit Beginn dieser Ausbildung erweitere ich mein Behandlungsspektrum st\u00e4ndig, um Ihnen eine umfassende und kompetente Behandlung anbieten zu k\u00f6nnen, bei der die neuesten wissenschaftlichen und kosmetischen Erkenntnisse angewendet werden. Fortlaufender Besuch von Weiterbildungen, Schulungen und Seminaren ist f\u00fcr mich selbstverst\u00e4ndlich.<\/p>\n<p>Umfassende\u00a0Erfahrungen sowohl in kosmetischer als auch\u00a0in pers\u00f6nlicher Hinsicht\u00a0erlangte ich auch w\u00e4hrend eines Auslandsaufenthaltes in Australien. Im Jahr 2008 reifte der Wunsch nach der Selbstst\u00e4ndigkeit in mir zusehens und ich machte mich an die entsprechenden Vorbereitungen. Um Ihnen in meiner k\u00fcnftigen Praxis\u00a0noch mehr Erholung anbieten zu k\u00f6nnen, schloss ich den Lehrgang am med. fu\u00dfpflege-college dillingen erfolgreich im Jahr 2008 ab.<\/p>\n<p>Am 27. Februar 2009 war es dann soweit; ich er\u00f6ffnete die Praxis aus<strong>zeit.<\/strong> Nun freue ich mich darauf, Sie\u00a0in meinen eigenen &#8222;4 W\u00e4nden&#8220; verw\u00f6hnen\u00a0zu d\u00fcrfen. Lassen Sie sich von meiner Begeisterung f\u00fcr meinen Beruf anstecken und g\u00f6nnen Sie sich Ihre Auszeit. Rufen Sie mich an und wir vereinbaren Ihren Termin. Bis dahin<\/p>\n<p>Liebe Gr\u00fc\u00dfe Ihre Diana Braemer<\/p>\n","protected":false},"excerpt":{"rendered":"<p>Im benachbarten Bundesland Brandenburg geboren und aufgewachsen, erlernte ich nach dem Abitur zun\u00e4chst den Beruf der Rechtsanwaltsfachangestellten. In diesem Beruf arbeitete ich viele Jahre und hatte auch immer Freude daran,\u00a0dennoch\u00a0hatte ich immer das Bestreben, mein Hobby einmal\u00a0zum Beruf zu machen. So schloss ich dann im Jahr 2005 meine Ausbildung zur Kosmetikerin am cosmetic college dillingen erfolgreich ab. Seit Beginn dieser Ausbildung erweitere ich mein Behandlungsspektrum st\u00e4ndig, um Ihnen eine umfassende und kompetente Behandlung anbieten zu k\u00f6nnen, bei der die neuesten wissenschaftlichen und kosmetischen Erkenntnisse angewendet werden. Fortlaufender Besuch von Weiterbildungen, Schulungen und Seminaren ist f\u00fcr mich selbstverst\u00e4ndlich. Umfassende\u00a0Erfahrungen sowohl in kosmetischer als auch\u00a0in pers\u00f6nlicher Hinsicht\u00a0erlangte ich auch w\u00e4hrend eines Auslandsaufenthaltes in Australien. Im Jahr 2008 reifte der Wunsch nach der Selbstst\u00e4ndigkeit in mir zusehens und ich machte mich an die entsprechenden Vorbereitungen. Um Ihnen in meiner k\u00fcnftigen Praxis\u00a0noch mehr Erholung anbieten zu k\u00f6nnen, schloss ich den Lehrgang am med. fu\u00dfpflege-college dillingen erfolgreich im Jahr 2008 ab. Am 27. Februar 2009 war es dann soweit; ich er\u00f6ffnete die Praxis auszeit. Nun freue ich mich darauf, Sie\u00a0in meinen eigenen &#8222;4 W\u00e4nden&#8220; verw\u00f6hnen\u00a0zu d\u00fcrfen. Lassen Sie sich von meiner Begeisterung f\u00fcr meinen Beruf anstecken und g\u00f6nnen Sie sich Ihre Auszeit. Rufen Sie mich an und wir vereinbaren Ihren Termin. Bis dahin Liebe Gr\u00fc\u00dfe Ihre Diana Braemer<\/p>\n","protected":false},"author":1,"featured_media":0,"parent":0,"menu_order":0,"comment_status":"closed","ping_status":"closed","template":"","meta":{"footnotes":""},"class_list":["post-24","page","type-page","status-publish","hentry"],"_links":{"self":[{"href":"https:\/\/auszeit-ohorn.de\/index.php?rest_route=\/wp\/v2\/pages\/24","targetHints":{"allow":["GET"]}}],"collection":[{"href":"https:\/\/auszeit-ohorn.de\/index.php?rest_route=\/wp\/v2\/pages"}],"about":[{"href":"https:\/\/auszeit-ohorn.de\/index.php?rest_route=\/wp\/v2\/types\/page"}],"author":[{"embeddable":true,"href":"https:\/\/auszeit-ohorn.de\/index.php?rest_route=\/wp\/v2\/users\/1"}],"replies":[{"embeddable":true,"href":"https:\/\/auszeit-ohorn.de\/index.php?rest_route=%2Fwp%2Fv2%2Fcomments&post=24"}],"version-history":[{"count":0,"href":"https:\/\/auszeit-ohorn.de\/index.php?rest_route=\/wp\/v2\/pages\/24\/revisions"}],"wp:attachment":[{"href":"https:\/\/auszeit-ohorn.de\/index.php?rest_route=%2Fwp%2Fv2%2Fmedia&parent=24"}],"curies":[{"name":"wp","href":"https:\/\/api.w.org\/{rel}","templated":true}]}}